{"id":604,"date":"2026-03-18T15:00:20","date_gmt":"2026-03-18T14:00:20","guid":{"rendered":"https:\/\/piano-e-canto.de\/concert-exam-bach\/"},"modified":"2026-03-26T17:47:23","modified_gmt":"2026-03-26T16:47:23","slug":"concert-exam-bach","status":"publish","type":"page","link":"https:\/\/piano-e-canto.de\/en\/concert-exam-bach\/","title":{"rendered":"Concert Exam \u2013 Bach"},"content":{"rendered":"\t\t<div data-elementor-type=\"wp-page\" data-elementor-id=\"604\" class=\"elementor elementor-604 elementor-396\" data-elementor-post-type=\"page\">\n\t\t\t\t\t\t<section class=\"elementor-section elementor-top-section elementor-element elementor-element-2cac2a85 elementor-section-boxed elementor-section-height-default elementor-section-height-default\" data-id=\"2cac2a85\" data-element_type=\"section\" data-e-type=\"section\" data-settings=\"{&quot;background_background&quot;:&quot;classic&quot;}\">\n\t\t\t\t\t\t<div class=\"elementor-container elementor-column-gap-default\">\n\t\t\t\t\t<div class=\"elementor-column elementor-col-100 elementor-top-column elementor-element elementor-element-7a8371ba\" data-id=\"7a8371ba\" data-element_type=\"column\" data-e-type=\"column\">\n\t\t\t<div class=\"elementor-widget-wrap elementor-element-populated\">\n\t\t\t\t\t\t<div class=\"elementor-element elementor-element-63fd7169 elementor-widget elementor-widget-text-editor\" data-id=\"63fd7169\" data-element_type=\"widget\" data-e-type=\"widget\" data-widget_type=\"text-editor.default\">\n\t\t\t\t<div class=\"elementor-widget-container\">\n\t\t\t\t\t\t\t\t\t<p style=\"font-family: 'Roboto', sans-serif; font-size: 13px; letter-spacing: 3px; text-transform: uppercase; color: #D4A84E; margin-bottom: 16px; text-align: center;\">Concert Exam 1989 \u00b7 Melanchthon Church, D\u00fcsseldorf<\/p>\t\t\t\t\t\t\t\t<\/div>\n\t\t\t\t<\/div>\n\t\t\t\t<div class=\"elementor-element elementor-element-794d0425 elementor-widget elementor-widget-heading\" data-id=\"794d0425\" data-element_type=\"widget\" data-e-type=\"widget\" data-widget_type=\"heading.default\">\n\t\t\t\t<div class=\"elementor-widget-container\">\n\t\t\t\t\t<h1 class=\"elementor-heading-title elementor-size-default\">J.S. Bach<\/h1>\t\t\t\t<\/div>\n\t\t\t\t<\/div>\n\t\t\t\t<div class=\"elementor-element elementor-element-125e4425 elementor-widget elementor-widget-heading\" data-id=\"125e4425\" data-element_type=\"widget\" data-e-type=\"widget\" data-widget_type=\"heading.default\">\n\t\t\t\t<div class=\"elementor-widget-container\">\n\t\t\t\t\t<h2 class=\"elementor-heading-title elementor-size-default\">Partita \"Sei gegr\u00fc\u00dfet, Jesu g\u00fctig\"<\/h2>\t\t\t\t<\/div>\n\t\t\t\t<\/div>\n\t\t\t\t<div class=\"elementor-element elementor-element-3b0bd54e elementor-widget elementor-widget-text-editor\" data-id=\"3b0bd54e\" data-element_type=\"widget\" data-e-type=\"widget\" data-widget_type=\"text-editor.default\">\n\t\t\t\t<div class=\"elementor-widget-container\">\n\t\t\t\t\t\t\t\t\t<p style=\"font-family: 'Roboto', sans-serif; font-size: 14px; color: #b0c2e7; text-align: center; letter-spacing: 2px;\">BWV 768 \u00b7 Lutz Pfingsten, organ<\/p>\t\t\t\t\t\t\t\t<\/div>\n\t\t\t\t<\/div>\n\t\t\t\t<div class=\"elementor-element elementor-element-1fc75b21 elementor-widget-divider--view-line elementor-widget elementor-widget-divider\" data-id=\"1fc75b21\" data-element_type=\"widget\" data-e-type=\"widget\" data-widget_type=\"divider.default\">\n\t\t\t\t<div class=\"elementor-widget-container\">\n\t\t\t\t\t\t\t<div class=\"elementor-divider\">\n\t\t\t<span class=\"elementor-divider-separator\">\n\t\t\t\t\t\t<\/span>\n\t\t<\/div>\n\t\t\t\t\t\t<\/div>\n\t\t\t\t<\/div>\n\t\t\t\t<div class=\"elementor-element elementor-element-6a9af5c3 elementor-widget elementor-widget-text-editor\" data-id=\"6a9af5c3\" data-element_type=\"widget\" data-e-type=\"widget\" data-widget_type=\"text-editor.default\">\n\t\t\t\t<div class=\"elementor-widget-container\">\n\t\t\t\t\t\t\t\t\t<p style=\"font-family: 'Roboto', sans-serif; font-size: 18px; color: #B0C2E7; text-align: center; max-width: 640px; margin: 0 auto; line-height: 1.7;\">A masterpiece of the art of variation \u2013 recorded during the 1989 concert exam at the Melanchthon Church in D\u00fcsseldorf.<\/p>\t\t\t\t\t\t\t\t<\/div>\n\t\t\t\t<\/div>\n\t\t\t\t\t<\/div>\n\t\t<\/div>\n\t\t\t\t\t<\/div>\n\t\t<\/section>\n\t\t\t\t<section class=\"elementor-section elementor-top-section elementor-element elementor-element-29b578be elementor-section-boxed elementor-section-height-default elementor-section-height-default\" data-id=\"29b578be\" data-element_type=\"section\" data-e-type=\"section\" data-settings=\"{&quot;background_background&quot;:&quot;classic&quot;}\">\n\t\t\t\t\t\t<div class=\"elementor-container elementor-column-gap-default\">\n\t\t\t\t\t<div class=\"elementor-column elementor-col-100 elementor-top-column elementor-element elementor-element-38a7d257\" data-id=\"38a7d257\" data-element_type=\"column\" data-e-type=\"column\">\n\t\t\t<div class=\"elementor-widget-wrap elementor-element-populated\">\n\t\t\t\t\t\t<div class=\"elementor-element elementor-element-3569b9c3 elementor-widget elementor-widget-heading\" data-id=\"3569b9c3\" data-element_type=\"widget\" data-e-type=\"widget\" data-widget_type=\"heading.default\">\n\t\t\t\t<div class=\"elementor-widget-container\">\n\t\t\t\t\t<h3 class=\"elementor-heading-title elementor-size-default\">Listen now<\/h3>\t\t\t\t<\/div>\n\t\t\t\t<\/div>\n\t\t\t\t<div class=\"elementor-element elementor-element-3d9b08c1 elementor-widget elementor-widget-html\" data-id=\"3d9b08c1\" data-element_type=\"widget\" data-e-type=\"widget\" data-widget_type=\"html.default\">\n\t\t\t\t<div class=\"elementor-widget-container\">\n\t\t\t\t\t<div style=\"max-width: 800px; margin: 0 auto;\"><iframe width=\"100%\" height=\"450\" scrolling=\"no\" frameborder=\"no\" allow=\"autoplay\" src=\"https:\/\/w.soundcloud.com\/player\/?url=https%3A\/\/soundcloud.com\/pfingstenberlin\/sets\/konzertexamen-orgel&amp;color=%23D4A84E&amp;auto_play=false&amp;hide_related=true&amp;show_comments=false&amp;show_user=true&amp;show_reposts=false&amp;show_teaser=false&amp;start_track=0&amp;buying=false&amp;sharing=true&amp;download=false\"><\/iframe><\/div>\t\t\t\t<\/div>\n\t\t\t\t<\/div>\n\t\t\t\t<div class=\"elementor-element elementor-element-2994cf5b elementor-widget elementor-widget-text-editor\" data-id=\"2994cf5b\" data-element_type=\"widget\" data-e-type=\"widget\" data-widget_type=\"text-editor.default\">\n\t\t\t\t<div class=\"elementor-widget-container\">\n\t\t\t\t\t\t\t\t\t<p style=\"text-align: center; font-family: 'Roboto', sans-serif; font-size: 13px; color: #B0C2E7; margin-top: 16px;\">Complete playlist on <a href=\"https:\/\/soundcloud.com\/pfingstenberlin\/sets\/konzertexamen-orgel\" target=\"_blank\" rel=\"noopener\" style=\"color: #D4A84E; text-decoration: none;\">SoundCloud<\/a> \u00b7 Tracks 1\u201312<\/p>\t\t\t\t\t\t\t\t<\/div>\n\t\t\t\t<\/div>\n\t\t\t\t\t<\/div>\n\t\t<\/div>\n\t\t\t\t\t<\/div>\n\t\t<\/section>\n\t\t\t\t<section class=\"elementor-section elementor-top-section elementor-element elementor-element-75b41d61 elementor-section-boxed elementor-section-height-default elementor-section-height-default\" data-id=\"75b41d61\" data-element_type=\"section\" data-e-type=\"section\" data-settings=\"{&quot;background_background&quot;:&quot;classic&quot;}\">\n\t\t\t\t\t\t<div class=\"elementor-container elementor-column-gap-default\">\n\t\t\t\t\t<div class=\"elementor-column elementor-col-60 elementor-top-column elementor-element elementor-element-52bbc2c8\" data-id=\"52bbc2c8\" data-element_type=\"column\" data-e-type=\"column\">\n\t\t\t<div class=\"elementor-widget-wrap elementor-element-populated\">\n\t\t\t\t\t\t<div class=\"elementor-element elementor-element-480b3068 elementor-widget elementor-widget-heading\" data-id=\"480b3068\" data-element_type=\"widget\" data-e-type=\"widget\" data-widget_type=\"heading.default\">\n\t\t\t\t<div class=\"elementor-widget-container\">\n\t\t\t\t\t<h3 class=\"elementor-heading-title elementor-size-default\">About the work<\/h3>\t\t\t\t<\/div>\n\t\t\t\t<\/div>\n\t\t\t\t<div class=\"elementor-element elementor-element-2d29e8d7 elementor-widget elementor-widget-heading\" data-id=\"2d29e8d7\" data-element_type=\"widget\" data-e-type=\"widget\" data-widget_type=\"heading.default\">\n\t\t\t\t<div class=\"elementor-widget-container\">\n\t\t\t\t\t<h2 class=\"elementor-heading-title elementor-size-default\">The art of variation in the service of devotion<\/h2>\t\t\t\t<\/div>\n\t\t\t\t<\/div>\n\t\t\t\t<div class=\"elementor-element elementor-element-1882830b elementor-widget elementor-widget-text-editor\" data-id=\"1882830b\" data-element_type=\"widget\" data-e-type=\"widget\" data-widget_type=\"text-editor.default\">\n\t\t\t\t<div class=\"elementor-widget-container\">\n\t\t\t\t\t\t\t\t\t<p style=\"font-family: 'Roboto', sans-serif; font-size: 16px; line-height: 1.85; color: #B0C2E7; margin-bottom: 20px;\">Johann Sebastian Bach&#8217;s choral partita &#8220;Sei gegr\u00fc\u00dfet, Jesu g\u00fctig&#8221; (BWV 768) is among the most extensive and multi-layered variation works for the organ. Across eleven variations, the full sonic splendor and technical sophistication of Baroque organ art unfold. <\/p><p style=\"font-family: 'Roboto', sans-serif; font-size: 16px; line-height: 1.85; color: #B0C2E7; margin-bottom: 20px;\">The partita begins with the simple chorale, which is masterfully embellished, rhythmically condensed, and permeated with counterpoint in the subsequent variations. From delicate bicinia to majestic, full-voiced movements in the plenum \u2013 Bach fully exploits the instrument&#8217;s possibilities. <\/p><p style=\"font-family: 'Roboto', sans-serif; font-size: 16px; line-height: 1.85; color: #B0C2E7;\">The recording impressively captures not only the musical structure but also the unique acoustics of the Melanchthon Church in D\u00fcsseldorf.<\/p>\t\t\t\t\t\t\t\t<\/div>\n\t\t\t\t<\/div>\n\t\t\t\t\t<\/div>\n\t\t<\/div>\n\t\t\t\t<div class=\"elementor-column elementor-col-40 elementor-top-column elementor-element elementor-element-67616df2\" data-id=\"67616df2\" data-element_type=\"column\" data-e-type=\"column\">\n\t\t\t<div class=\"elementor-widget-wrap elementor-element-populated\">\n\t\t\t\t\t\t<div class=\"elementor-element elementor-element-5d99f1eb elementor-widget elementor-widget-text-editor\" data-id=\"5d99f1eb\" data-element_type=\"widget\" data-e-type=\"widget\" data-widget_type=\"text-editor.default\">\n\t\t\t\t<div class=\"elementor-widget-container\">\n\t\t\t\t\t\t\t\t\t<div style=\"background: #151C30; border: 1px solid rgba(212,168,78,0.3); border-radius: 8px; padding: 28px 24px;\">\n<p style=\"font-family: 'Roboto', sans-serif; font-size: 11px; letter-spacing: 3px; text-transform: uppercase; color: #D4A84E; margin-bottom: 16px;\">Tracklist<\/p>\n<table style=\"width: 100%; border-collapse: collapse;\">\n<tbody>\n<tr style=\"border-bottom: 1px solid rgba(176,194,231,0.1);\"><td style=\"font-family: 'Roboto', sans-serif; font-size: 13px; color: #D4A84E; padding: 8px 0; width: 28px;\">1<\/td><td style=\"font-family: 'Roboto', sans-serif; font-size: 14px; color: #F0F4FF; padding: 8px 0;\">Chorale<\/td><\/tr><tr style=\"border-bottom: 1px solid rgba(176,194,231,0.1);\"><td style=\"font-family: 'Roboto', sans-serif; font-size: 13px; color: #D4A84E; padding: 8px 0; width: 28px;\">2<\/td><td style=\"font-family: 'Roboto', sans-serif; font-size: 14px; color: #B0C2E7; padding: 8px 0;\">Variation 1<\/td><\/tr><tr style=\"border-bottom: 1px solid rgba(176,194,231,0.1);\"><td style=\"font-family: 'Roboto', sans-serif; font-size: 13px; color: #D4A84E; padding: 8px 0; width: 28px;\">3<\/td><td style=\"font-family: 'Roboto', sans-serif; font-size: 14px; color: #B0C2E7; padding: 8px 0;\">Variation 2<\/td><\/tr><tr style=\"border-bottom: 1px solid rgba(176,194,231,0.1);\"><td style=\"font-family: 'Roboto', sans-serif; font-size: 13px; color: #D4A84E; padding: 8px 0; width: 28px;\">4<\/td><td style=\"font-family: 'Roboto', sans-serif; font-size: 14px; color: #B0C2E7; padding: 8px 0;\">Variation 3<\/td><\/tr><tr style=\"border-bottom: 1px solid rgba(176,194,231,0.1);\"><td style=\"font-family: 'Roboto', sans-serif; font-size: 13px; color: #D4A84E; padding: 8px 0; width: 28px;\">5<\/td><td style=\"font-family: 'Roboto', sans-serif; font-size: 14px; color: #B0C2E7; padding: 8px 0;\">Variation 4<\/td><\/tr><tr style=\"border-bottom: 1px solid rgba(176,194,231,0.1);\"><td style=\"font-family: 'Roboto', sans-serif; font-size: 13px; color: #D4A84E; padding: 8px 0; width: 28px;\">6<\/td><td style=\"font-family: 'Roboto', sans-serif; font-size: 14px; color: #B0C2E7; padding: 8px 0;\">Variation 5<\/td><\/tr><tr style=\"border-bottom: 1px solid rgba(176,194,231,0.1);\"><td style=\"font-family: 'Roboto', sans-serif; font-size: 13px; color: #D4A84E; padding: 8px 0; width: 28px;\">7<\/td><td style=\"font-family: 'Roboto', sans-serif; font-size: 14px; color: #B0C2E7; padding: 8px 0;\">Variation 6<\/td><\/tr><tr style=\"border-bottom: 1px solid rgba(176,194,231,0.1);\"><td style=\"font-family: 'Roboto', sans-serif; font-size: 13px; color: #D4A84E; padding: 8px 0; width: 28px;\">8<\/td><td style=\"font-family: 'Roboto', sans-serif; font-size: 14px; color: #B0C2E7; padding: 8px 0;\">Variation 7<\/td><\/tr><tr style=\"border-bottom: 1px solid rgba(176,194,231,0.1);\"><td style=\"font-family: 'Roboto', sans-serif; font-size: 13px; color: #D4A84E; padding: 8px 0; width: 28px;\">9<\/td><td style=\"font-family: 'Roboto', sans-serif; font-size: 14px; color: #B0C2E7; padding: 8px 0;\">Variation 8<\/td><\/tr><tr style=\"border-bottom: 1px solid rgba(176,194,231,0.1);\"><td style=\"font-family: 'Roboto', sans-serif; font-size: 13px; color: #D4A84E; padding: 8px 0; width: 28px;\">10<\/td><td style=\"font-family: 'Roboto', sans-serif; font-size: 14px; color: #B0C2E7; padding: 8px 0;\">Variation 9<\/td><\/tr><tr style=\"border-bottom: 1px solid rgba(176,194,231,0.1);\"><td style=\"font-family: 'Roboto', sans-serif; font-size: 13px; color: #D4A84E; padding: 8px 0; width: 28px;\">11<\/td><td style=\"font-family: 'Roboto', sans-serif; font-size: 14px; color: #B0C2E7; padding: 8px 0;\">Variation 10<\/td><\/tr><tr style=\"border-bottom: 1px solid rgba(176,194,231,0.1);\"><td style=\"font-family: 'Roboto', sans-serif; font-size: 13px; color: #D4A84E; padding: 8px 0; width: 28px;\">12<\/td><td style=\"font-family: 'Roboto', sans-serif; font-size: 14px; color: #B0C2E7; padding: 8px 0;\">Chorale (Reprise)<\/td><\/tr>\n<\/tbody><\/table><\/div>\t\t\t\t\t\t\t\t<\/div>\n\t\t\t\t<\/div>\n\t\t\t\t\t<\/div>\n\t\t<\/div>\n\t\t\t\t\t<\/div>\n\t\t<\/section>\n\t\t\t\t<section class=\"elementor-section elementor-top-section elementor-element elementor-element-43c3ab49 elementor-section-boxed elementor-section-height-default elementor-section-height-default\" data-id=\"43c3ab49\" data-element_type=\"section\" data-e-type=\"section\" data-settings=\"{&quot;background_background&quot;:&quot;classic&quot;}\">\n\t\t\t\t\t\t<div class=\"elementor-container elementor-column-gap-default\">\n\t\t\t\t\t<div class=\"elementor-column elementor-col-100 elementor-top-column elementor-element elementor-element-54aa0f7f\" data-id=\"54aa0f7f\" data-element_type=\"column\" data-e-type=\"column\">\n\t\t\t<div class=\"elementor-widget-wrap elementor-element-populated\">\n\t\t\t\t\t\t<div class=\"elementor-element elementor-element-afd33d7 elementor-widget elementor-widget-text-editor\" data-id=\"afd33d7\" data-element_type=\"widget\" data-e-type=\"widget\" data-widget_type=\"text-editor.default\">\n\t\t\t\t<div class=\"elementor-widget-container\">\n\t\t\t\t\t\t\t\t\t<p style=\"text-align: center; font-family: 'Roboto', sans-serif; font-size: 14px; color: #B0C2E7; line-height: 2;\"><span style=\"color: #D4A84E; letter-spacing: 2px; text-transform: uppercase; font-size: 11px;\">Recording<\/span><br><strong style=\"color: #F0F4FF;\">Concert Exam 1989 \u00b7 Melanchthon Church, D\u00fcsseldorf<\/strong><br>Organ: Lutz Pfingsten  \u00b7  Sound Engineering: Stephan Binder (@etienneberlin)<\/p>\t\t\t\t\t\t\t\t<\/div>\n\t\t\t\t<\/div>\n\t\t\t\t\t<\/div>\n\t\t<\/div>\n\t\t\t\t\t<\/div>\n\t\t<\/section>\n\t\t\t\t<section class=\"elementor-section elementor-top-section elementor-element elementor-element-6429fca7 elementor-section-boxed elementor-section-height-default elementor-section-height-default\" data-id=\"6429fca7\" data-element_type=\"section\" data-e-type=\"section\" data-settings=\"{&quot;background_background&quot;:&quot;classic&quot;}\">\n\t\t\t\t\t\t<div class=\"elementor-container elementor-column-gap-default\">\n\t\t\t\t\t<div class=\"elementor-column elementor-col-100 elementor-top-column elementor-element elementor-element-68173d78\" data-id=\"68173d78\" data-element_type=\"column\" data-e-type=\"column\">\n\t\t\t<div class=\"elementor-widget-wrap elementor-element-populated\">\n\t\t\t\t\t\t<div class=\"elementor-element elementor-element-579d8aaf elementor-widget elementor-widget-text-editor\" data-id=\"579d8aaf\" data-element_type=\"widget\" data-e-type=\"widget\" data-widget_type=\"text-editor.default\">\n\t\t\t\t<div class=\"elementor-widget-container\">\n\t\t\t\t\t\t\t\t\t<p style=\"text-align: center; font-family: 'Roboto', sans-serif; font-size: 15px; color: #B0C2E7; margin-bottom: 24px;\">All recordings of the concert exam \u2013 Bach, Alain, and Durufl\u00e9 \u2013 can be found on SoundCloud as well as in my bio link.<\/p>\t\t\t\t\t\t\t\t<\/div>\n\t\t\t\t<\/div>\n\t\t\t\t<div class=\"elementor-element elementor-element-2c502ccf elementor-align-center elementor-widget elementor-widget-button\" data-id=\"2c502ccf\" data-element_type=\"widget\" data-e-type=\"widget\" data-widget_type=\"button.default\">\n\t\t\t\t<div class=\"elementor-widget-container\">\n\t\t\t\t\t\t\t\t\t<div class=\"elementor-button-wrapper\">\n\t\t\t\t\t<a class=\"elementor-button elementor-button-link elementor-size-sm\" href=\"https:\/\/soundcloud.com\/pfingstenberlin\/sets\/konzertexamen-orgel\" target=\"_blank\">\n\t\t\t\t\t\t<span class=\"elementor-button-content-wrapper\">\n\t\t\t\t\t\t\t\t\t<span class=\"elementor-button-text\">To the complete playlist<\/span>\n\t\t\t\t\t<\/span>\n\t\t\t\t\t<\/a>\n\t\t\t\t<\/div>\n\t\t\t\t\t\t\t\t<\/div>\n\t\t\t\t<\/div>\n\t\t\t\t\t<\/div>\n\t\t<\/div>\n\t\t\t\t\t<\/div>\n\t\t<\/section>\n\t\t\t\t<\/div>\n\t\t","protected":false},"excerpt":{"rendered":"<p>Concert Exam 1989 \u00b7 Melanchthon Church, D\u00fcsseldorf J.S. Bach Partita &#8220;Sei gegr\u00fc\u00dfet, Jesu g\u00fctig&#8221; BWV 768 \u00b7 Lutz Pfingsten, organ A masterpiece of the art of variation \u2013 recorded during the 1989 concert exam at the Melanchthon Church in D\u00fcsseldorf. Listen now Complete playlist on SoundCloud \u00b7 Tracks 1\u201312 About the work The art of [&hellip;]<\/p>\n","protected":false},"author":2,"featured_media":0,"parent":0,"menu_order":0,"comment_status":"closed","ping_status":"closed","template":"","meta":{"_uag_custom_page_level_css":"","site-sidebar-layout":"no-sidebar","site-content-layout":"page-builder","ast-site-content-layout":"full-width-container","site-content-style":"default","site-sidebar-style":"default","ast-global-header-display":"","ast-banner-title-visibility":"","ast-main-header-display":"","ast-hfb-above-header-display":"","ast-hfb-below-header-display":"","ast-hfb-mobile-header-display":"","site-post-title":"","ast-breadcrumbs-content":"","ast-featured-img":"disabled","footer-sml-layout":"","ast-disable-related-posts":"","theme-transparent-header-meta":"","adv-header-id-meta":"","stick-header-meta":"","header-above-stick-meta":"","header-main-stick-meta":"","header-below-stick-meta":"","astra-migrate-meta-layouts":"default","ast-page-background-enabled":"default","ast-page-background-meta":{"desktop":{"background-color":"","background-image":"","background-repeat":"repeat","background-position":"center center","background-size":"auto","background-attachment":"scroll","background-type":"","background-media":"","overlay-type":"","overlay-color":"","overlay-opacity":"","overlay-gradient":""},"tablet":{"background-color":"","background-image":"","background-repeat":"repeat","background-position":"center center","background-size":"auto","background-attachment":"scroll","background-type":"","background-media":"","overlay-type":"","overlay-color":"","overlay-opacity":"","overlay-gradient":""},"mobile":{"background-color":"","background-image":"","background-repeat":"repeat","background-position":"center center","background-size":"auto","background-attachment":"scroll","background-type":"","background-media":"","overlay-type":"","overlay-color":"","overlay-opacity":"","overlay-gradient":""}},"ast-content-background-meta":{"desktop":{"background-color":"var(--ast-global-color-5)","background-image":"","background-repeat":"repeat","background-position":"center center","background-size":"auto","background-attachment":"scroll","background-type":"","background-media":"","overlay-type":"","overlay-color":"","overlay-opacity":"","overlay-gradient":""},"tablet":{"background-color":"var(--ast-global-color-5)","background-image":"","background-repeat":"repeat","background-position":"center center","background-size":"auto","background-attachment":"scroll","background-type":"","background-media":"","overlay-type":"","overlay-color":"","overlay-opacity":"","overlay-gradient":""},"mobile":{"background-color":"var(--ast-global-color-5)","background-image":"","background-repeat":"repeat","background-position":"center center","background-size":"auto","background-attachment":"scroll","background-type":"","background-media":"","overlay-type":"","overlay-color":"","overlay-opacity":"","overlay-gradient":""}},"footnotes":""},"class_list":["post-604","page","type-page","status-publish","hentry"],"uagb_featured_image_src":{"full":false,"thumbnail":false,"medium":false,"medium_large":false,"large":false,"1536x1536":false,"2048x2048":false,"woocommerce_thumbnail":false,"woocommerce_single":false,"woocommerce_gallery_thumbnail":false,"wpsso-schema-1x1":false,"wpsso-schema-4x3":false,"wpsso-schema-16x9":false,"wpsso-thumbnail":false,"wpsso-opengraph":false,"wpsso-tc-summary":false,"wpsso-tc-lrgimg":false},"uagb_author_info":{"display_name":"Lutz Pfingsten","author_link":"https:\/\/piano-e-canto.de\/en\/author\/ludwig\/"},"uagb_comment_info":0,"uagb_excerpt":"Concert Exam 1989 \u00b7 Melanchthon Church, D\u00fcsseldorf J.S. Bach Partita &#8220;Sei gegr\u00fc\u00dfet, Jesu g\u00fctig&#8221; BWV 768 \u00b7 Lutz Pfingsten, organ A masterpiece of the art of variation \u2013 recorded during the 1989 concert exam at the Melanchthon Church in D\u00fcsseldorf. Listen now Complete playlist on SoundCloud \u00b7 Tracks 1\u201312 About the work The art of&hellip;","_links":{"self":[{"href":"https:\/\/piano-e-canto.de\/en\/wp-json\/wp\/v2\/pages\/604","targetHints":{"allow":["GET"]}}],"collection":[{"href":"https:\/\/piano-e-canto.de\/en\/wp-json\/wp\/v2\/pages"}],"about":[{"href":"https:\/\/piano-e-canto.de\/en\/wp-json\/wp\/v2\/types\/page"}],"author":[{"embeddable":true,"href":"https:\/\/piano-e-canto.de\/en\/wp-json\/wp\/v2\/users\/2"}],"replies":[{"embeddable":true,"href":"https:\/\/piano-e-canto.de\/en\/wp-json\/wp\/v2\/comments?post=604"}],"version-history":[{"count":1,"href":"https:\/\/piano-e-canto.de\/en\/wp-json\/wp\/v2\/pages\/604\/revisions"}],"predecessor-version":[{"id":607,"href":"https:\/\/piano-e-canto.de\/en\/wp-json\/wp\/v2\/pages\/604\/revisions\/607"}],"wp:attachment":[{"href":"https:\/\/piano-e-canto.de\/en\/wp-json\/wp\/v2\/media?parent=604"}],"curies":[{"name":"wp","href":"https:\/\/api.w.org\/{rel}","templated":true}]}}